{"id":86,"date":"2020-03-23T11:30:41","date_gmt":"2020-03-23T11:30:41","guid":{"rendered":"https:\/\/demosites.io\/rokophoto-gb\/?page_id=86"},"modified":"2023-10-03T23:40:10","modified_gmt":"2023-10-03T20:40:10","slug":"98ee9-home","status":"publish","type":"page","link":"https:\/\/www.2umetalaluminyum.net\/","title":{"rendered":"2U Metal Al\u00fcminyum"},"content":{"rendered":"<div id=\"wp-block-themeisle-blocks-advanced-columns-3920e2e7\" class=\"wp-block-themeisle-blocks-advanced-columns has-1-columns has-desktop-twoOne-layout has-tablet-equal-layout has-mobile-equal-layout has-vertical-unset\"><div class=\"wp-block-themeisle-blocks-advanced-columns-overlay\"><\/div><div class=\"innerblocks-wrap\"><section id=\"wp-block-themeisle-blocks-advanced-column-da198666\" class=\"wp-block-themeisle-blocks-advanced-column ticss-da198666 animated fadeInDown delay-200ms slower\"><\/section><\/div><\/div><div class=\"wp-block-columns is-layout-flex wp-container-core-columns-is-layout-9d6595d7 wp-block-columns-is-layout-flex\"><div class=\"wp-block-column is-layout-flow wp-block-column-is-layout-flow\" style=\"flex-basis:100%\"><div class=\"wp-block-cover is-repeated\"><span aria-hidden=\"true\" class=\"wp-block-cover__background has-background-dim\"><\/span><div role=\"img\" class=\"wp-block-cover__image-background wp-image-710 is-repeated\" style=\"background-position:50% 50%;background-image:url(https:\/\/www.2umetalaluminyum.net\/wp-content\/uploads\/2023\/09\/Adsiz-tasarim-20.jpg)\"><\/div><div class=\"wp-block-cover__inner-container is-layout-flow wp-block-cover-is-layout-flow\"><p class=\"has-text-align-center has-nv-light-bg-color has-text-color has-medium-font-size\"><strong>2U METAL AL\u00dcM\u0130NYUM T\u00dcM AL\u00dcM\u0130NYUM PROF\u0130L VE AKSESUAR \u0130HT\u0130YA\u00c7LARINIZI DESTEKLEMEK \u0130\u00c7\u0130N BURADA<\/strong><\/p><\/div><\/div><\/div><\/div><figure class=\"wp-block-pullquote has-small-font-size\"><blockquote><p><strong>Al\u00fcminyum: Hafifli\u011fin ve Dayan\u0131kl\u0131l\u0131\u011f\u0131n Metalik Sembol\u00fc<\/strong><\/p><cite><strong>Al\u00fcminyum, modern end\u00fcstrinin vazge\u00e7ilmez metallerinden biri olarak kar\u015f\u0131m\u0131za \u00e7\u0131kar. Kimyasal sembol\u00fc &#8220;Al&#8221; olan bu metal, hafifli\u011fi, dayan\u0131kl\u0131l\u0131\u011f\u0131 ve oksitlenmez \u00f6zelli\u011fi sayesinde bir\u00e7ok alanda yayg\u0131n olarak kullan\u0131lmaktad\u0131r.<\/strong><\/cite><\/blockquote><\/figure><div id=\"wp-block-themeisle-blocks-advanced-columns-b9f55380\" class=\"wp-block-themeisle-blocks-advanced-columns alignfull has-4-columns has-desktop-equal-layout has-tablet-equal-layout has-mobile-equal-layout has-vertical-center has-dark-bg\"><div class=\"wp-block-themeisle-blocks-advanced-columns-overlay\"><\/div><div class=\"wp-block-themeisle-blocks-advanced-columns-separators top\"><svg id=\"bigTriangle\" fill=\"var(--nv-site-bg)\" viewBox=\"0 0 100 100\" width=\"100%\" height=\"100\" preserveAspectRatio=\"none\" xmlns=\"http:\/\/www.w3.org\/2000\/svg\" class=\"\"><path d=\"M0 0 L50 100 L100 0 Z\"><\/path><\/svg><\/div><div class=\"innerblocks-wrap\"><div id=\"wp-block-themeisle-blocks-advanced-column-cdd1ced6\" class=\"wp-block-themeisle-blocks-advanced-column\"><figure class=\"wp-block-image size-full is-style-default\"><img loading=\"lazy\" decoding=\"async\" width=\"360\" height=\"360\" src=\"https:\/\/www.2umetalaluminyum.net\/wp-content\/uploads\/2023\/08\/Adsiz-tasarim-25.jpg\" alt=\"\" class=\"wp-image-510\" srcset=\"https:\/\/www.2umetalaluminyum.net\/wp-content\/uploads\/2023\/08\/Adsiz-tasarim-25.jpg 360w, https:\/\/www.2umetalaluminyum.net\/wp-content\/uploads\/2023\/08\/Adsiz-tasarim-25-300x300.jpg 300w, https:\/\/www.2umetalaluminyum.net\/wp-content\/uploads\/2023\/08\/Adsiz-tasarim-25-150x150.jpg 150w\" sizes=\"auto, (max-width: 360px) 100vw, 360px\" \/><\/figure><\/div>\n\n<div id=\"wp-block-themeisle-blocks-advanced-column-6c961d94\" class=\"wp-block-themeisle-blocks-advanced-column\"><figure class=\"wp-block-image size-full is-style-default\"><img loading=\"lazy\" decoding=\"async\" width=\"360\" height=\"360\" src=\"https:\/\/www.2umetalaluminyum.net\/wp-content\/uploads\/2023\/08\/Adsiz-tasarim-26-1.jpg\" alt=\"\" class=\"wp-image-528\" srcset=\"https:\/\/www.2umetalaluminyum.net\/wp-content\/uploads\/2023\/08\/Adsiz-tasarim-26-1.jpg 360w, https:\/\/www.2umetalaluminyum.net\/wp-content\/uploads\/2023\/08\/Adsiz-tasarim-26-1-300x300.jpg 300w, https:\/\/www.2umetalaluminyum.net\/wp-content\/uploads\/2023\/08\/Adsiz-tasarim-26-1-150x150.jpg 150w\" sizes=\"auto, (max-width: 360px) 100vw, 360px\" \/><\/figure><\/div>\n\n<div id=\"wp-block-themeisle-blocks-advanced-column-b7ff813a\" class=\"wp-block-themeisle-blocks-advanced-column\"><figure class=\"wp-block-image size-full is-style-default\"><img loading=\"lazy\" decoding=\"async\" width=\"360\" height=\"360\" src=\"https:\/\/www.2umetalaluminyum.net\/wp-content\/uploads\/2023\/08\/Adsiz-tasarim-18.jpg\" alt=\"\" class=\"wp-image-504\" srcset=\"https:\/\/www.2umetalaluminyum.net\/wp-content\/uploads\/2023\/08\/Adsiz-tasarim-18.jpg 360w, https:\/\/www.2umetalaluminyum.net\/wp-content\/uploads\/2023\/08\/Adsiz-tasarim-18-300x300.jpg 300w, https:\/\/www.2umetalaluminyum.net\/wp-content\/uploads\/2023\/08\/Adsiz-tasarim-18-150x150.jpg 150w\" sizes=\"auto, (max-width: 360px) 100vw, 360px\" \/><\/figure><\/div>\n\n<div id=\"wp-block-themeisle-blocks-advanced-column-49d4bcc0\" class=\"wp-block-themeisle-blocks-advanced-column\"><figure class=\"wp-block-image size-full is-style-default\"><img loading=\"lazy\" decoding=\"async\" width=\"360\" height=\"360\" src=\"https:\/\/www.2umetalaluminyum.net\/wp-content\/uploads\/2023\/08\/Adsiz-tasarim-15-1.jpg\" alt=\"\" class=\"wp-image-501\" srcset=\"https:\/\/www.2umetalaluminyum.net\/wp-content\/uploads\/2023\/08\/Adsiz-tasarim-15-1.jpg 360w, https:\/\/www.2umetalaluminyum.net\/wp-content\/uploads\/2023\/08\/Adsiz-tasarim-15-1-300x300.jpg 300w, https:\/\/www.2umetalaluminyum.net\/wp-content\/uploads\/2023\/08\/Adsiz-tasarim-15-1-150x150.jpg 150w\" sizes=\"auto, (max-width: 360px) 100vw, 360px\" \/><\/figure><\/div><\/div><\/div><figure class=\"wp-block-pullquote\" style=\"font-size:10px;font-style:normal;font-weight:500\"><blockquote><p><strong>Oksitlenmez ve Korozyona Diren\u00e7li:<\/strong><br> Al\u00fcminyum, havadaki oksijenle reaksiyona girerek bir al\u00fcminyum oksit tabakas\u0131 olu\u015fur. Bu tabakay\u0131, al\u00fcminyumun oksitlenmeye ve par\u00e7ac\u0131klar\u0131na kar\u015f\u0131 korur.<br>Bu \u00f6zel, d\u0131\u015f mekan ve deniz suyu gibi zorlu dayan\u0131kl\u0131l\u0131k bile korumas\u0131n\u0131 sa\u011flar.<\/p><\/blockquote><\/figure><figure class=\"wp-block-pullquote\" style=\"font-size:9px\"><blockquote><p><strong>\u0130yi Is\u0131l ve Elektriksel \u0130letkenlik:<\/strong> <br>Al\u00fcminyum, iyi bir \u0131s\u0131 ve elektrik iletkendir. Elektrik kablolar\u0131nda ve enerji nakil hatlar\u0131nda kullan\u0131lan elektrik enerjisinin etkin bir \u015fekilde iletilmesini sa\u011flar.<br>Ayn\u0131 zamanda \u0131s\u0131 emici uygulamalarda, so\u011futma sistemlerinde ve mutfak aksesuarlar\u0131nda kullan\u0131m\u0131 da mevcuttur.<\/p><\/blockquote><\/figure><div id=\"wp-block-themeisle-blocks-advanced-columns-a03d85c1\" class=\"wp-block-themeisle-blocks-advanced-columns alignfull has-1-columns has-desktop-equal-layout has-tablet-equal-layout has-mobile-equal-layout has-vertical-unset has-dark-bg\"><div class=\"wp-block-themeisle-blocks-advanced-columns-overlay\"><\/div><div class=\"innerblocks-wrap\"><div id=\"wp-block-themeisle-blocks-advanced-column-0e70f4bf\" class=\"wp-block-themeisle-blocks-advanced-column\"><figure class=\"wp-block-gallery has-nested-images columns-default is-cropped wp-block-gallery-1 is-layout-flex wp-block-gallery-is-layout-flex\"><figure class=\"wp-block-image size-large\"><img loading=\"lazy\" decoding=\"async\" width=\"1024\" height=\"576\" data-id=\"389\" src=\"https:\/\/www.2umetalaluminyum.net\/wp-content\/uploads\/2023\/08\/11-4-1024x576.png\" alt=\"\" class=\"wp-image-389\" srcset=\"https:\/\/www.2umetalaluminyum.net\/wp-content\/uploads\/2023\/08\/11-4-1024x576.png 1024w, https:\/\/www.2umetalaluminyum.net\/wp-content\/uploads\/2023\/08\/11-4-300x169.png 300w, https:\/\/www.2umetalaluminyum.net\/wp-content\/uploads\/2023\/08\/11-4-768x432.png 768w, https:\/\/www.2umetalaluminyum.net\/wp-content\/uploads\/2023\/08\/11-4-1536x864.png 1536w, https:\/\/www.2umetalaluminyum.net\/wp-content\/uploads\/2023\/08\/11-4.png 1920w\" sizes=\"auto, (max-width: 1024px) 100vw, 1024px\" \/><\/figure>\n\n<figure class=\"wp-block-image size-large\"><img loading=\"lazy\" decoding=\"async\" width=\"1024\" height=\"577\" data-id=\"399\" src=\"https:\/\/www.2umetalaluminyum.net\/wp-content\/uploads\/2023\/08\/Adsiz-tasarim-2-1-1024x577.png\" alt=\"\" class=\"wp-image-399\" srcset=\"https:\/\/www.2umetalaluminyum.net\/wp-content\/uploads\/2023\/08\/Adsiz-tasarim-2-1-1024x577.png 1024w, https:\/\/www.2umetalaluminyum.net\/wp-content\/uploads\/2023\/08\/Adsiz-tasarim-2-1-300x169.png 300w, https:\/\/www.2umetalaluminyum.net\/wp-content\/uploads\/2023\/08\/Adsiz-tasarim-2-1-768x433.png 768w, https:\/\/www.2umetalaluminyum.net\/wp-content\/uploads\/2023\/08\/Adsiz-tasarim-2-1-1536x865.png 1536w, https:\/\/www.2umetalaluminyum.net\/wp-content\/uploads\/2023\/08\/Adsiz-tasarim-2-1.png 1640w\" sizes=\"auto, (max-width: 1024px) 100vw, 1024px\" \/><\/figure>\n\n<figure class=\"wp-block-image size-large\"><img loading=\"lazy\" decoding=\"async\" width=\"1024\" height=\"683\" data-id=\"397\" src=\"https:\/\/www.2umetalaluminyum.net\/wp-content\/uploads\/2023\/08\/pexels-pixabay-259988-1-1024x683.jpg\" alt=\"\" class=\"wp-image-397\"\/><\/figure>\n\n<figure class=\"wp-block-image size-large\"><img loading=\"lazy\" decoding=\"async\" width=\"1024\" height=\"535\" data-id=\"484\" src=\"https:\/\/www.2umetalaluminyum.net\/wp-content\/uploads\/2023\/08\/Adsiz-tasarim-12-1024x535.jpg\" alt=\"\" class=\"wp-image-484\" srcset=\"https:\/\/www.2umetalaluminyum.net\/wp-content\/uploads\/2023\/08\/Adsiz-tasarim-12-1024x535.jpg 1024w, https:\/\/www.2umetalaluminyum.net\/wp-content\/uploads\/2023\/08\/Adsiz-tasarim-12-300x157.jpg 300w, https:\/\/www.2umetalaluminyum.net\/wp-content\/uploads\/2023\/08\/Adsiz-tasarim-12-768x401.jpg 768w, https:\/\/www.2umetalaluminyum.net\/wp-content\/uploads\/2023\/08\/Adsiz-tasarim-12.jpg 1200w\" sizes=\"auto, (max-width: 1024px) 100vw, 1024px\" \/><\/figure>\n\n<figure class=\"wp-block-image size-large\"><img loading=\"lazy\" decoding=\"async\" width=\"1024\" height=\"535\" data-id=\"456\" src=\"https:\/\/www.2umetalaluminyum.net\/wp-content\/uploads\/2023\/08\/Adsiz-tasarim-3-1024x535.jpg\" alt=\"\" class=\"wp-image-456\" srcset=\"https:\/\/www.2umetalaluminyum.net\/wp-content\/uploads\/2023\/08\/Adsiz-tasarim-3-1024x535.jpg 1024w, https:\/\/www.2umetalaluminyum.net\/wp-content\/uploads\/2023\/08\/Adsiz-tasarim-3-300x157.jpg 300w, https:\/\/www.2umetalaluminyum.net\/wp-content\/uploads\/2023\/08\/Adsiz-tasarim-3-768x401.jpg 768w, https:\/\/www.2umetalaluminyum.net\/wp-content\/uploads\/2023\/08\/Adsiz-tasarim-3.jpg 1200w\" sizes=\"auto, (max-width: 1024px) 100vw, 1024px\" \/><\/figure>\n\n<figure class=\"wp-block-image size-large\"><img loading=\"lazy\" decoding=\"async\" width=\"1024\" height=\"535\" data-id=\"483\" src=\"https:\/\/www.2umetalaluminyum.net\/wp-content\/uploads\/2023\/08\/Adsiz-tasarim-11-1024x535.jpg\" alt=\"\" class=\"wp-image-483\" srcset=\"https:\/\/www.2umetalaluminyum.net\/wp-content\/uploads\/2023\/08\/Adsiz-tasarim-11-1024x535.jpg 1024w, https:\/\/www.2umetalaluminyum.net\/wp-content\/uploads\/2023\/08\/Adsiz-tasarim-11-300x157.jpg 300w, https:\/\/www.2umetalaluminyum.net\/wp-content\/uploads\/2023\/08\/Adsiz-tasarim-11-768x401.jpg 768w, https:\/\/www.2umetalaluminyum.net\/wp-content\/uploads\/2023\/08\/Adsiz-tasarim-11.jpg 1200w\" sizes=\"auto, (max-width: 1024px) 100vw, 1024px\" \/><\/figure><\/figure><\/div><\/div><\/div><div class=\"wp-block-group alignfull has-text-color has-background\" style=\"color:#000000;background-color:#ffffff\"><div class=\"wp-block-group__inner-container is-layout-flow wp-block-group-is-layout-flow\"><div style=\"height:64px\" aria-hidden=\"true\" class=\"wp-block-spacer\"><\/div>\n\n<p class=\"has-text-align-center has-medium-font-size\" style=\"line-height:.9\"><strong>Al\u00fcminyum Profillerinizi Hemen Al\u0131n!<\/strong><\/p>\n\n<p class=\"has-text-align-center\">Y\u00fcksek kaliteli al\u00fcminyum profillerin g\u00fcvenilir tedarik\u00e7isiyiz. Bug\u00fcn bizimle ileti\u015fime ge\u00e7in ve sipari\u015finizin h\u0131zl\u0131 bir \u015fekilde teslim edilmesini sa\u011flay\u0131n.<\/p>\n\n<div class=\"wp-block-buttons has-custom-font-size has-small-font-size is-horizontal is-content-justification-center is-layout-flex wp-container-core-buttons-is-layout-499968f5 wp-block-buttons-is-layout-flex\"><div class=\"wp-block-button has-custom-width wp-block-button__width-50\"><a class=\"wp-block-button__link has-nv-dark-bg-color has-nv-light-bg-background-color has-text-color has-background wp-element-button\" href=\"https:\/\/www.2umetalaluminyum.net\/index.php\/e866c-contact\/\" style=\"border-radius:50px\">Bize Ula\u015f\u0131n<\/a><\/div><\/div>\n\n<div style=\"height:64px\" aria-hidden=\"true\" class=\"wp-block-spacer\"><\/div><\/div><\/div><figure class=\"wp-block-pullquote\"><blockquote><p><\/p><\/blockquote><\/figure><div id=\"wp-block-themeisle-blocks-advanced-columns-ccaba40d\" class=\"wp-block-themeisle-blocks-advanced-columns alignfull has-1-columns has-desktop-equal-layout has-tablet-equal-layout has-mobile-equal-layout has-vertical-unset has-dark-bg\"><div class=\"wp-block-themeisle-blocks-advanced-columns-overlay\"><\/div><div class=\"innerblocks-wrap\"><div id=\"wp-block-themeisle-blocks-advanced-column-4f653e0b\" class=\"wp-block-themeisle-blocks-advanced-column\"><div id=\"wp-block-themeisle-blocks-button-group-719d0f28\" class=\"wp-block-themeisle-blocks-button-group wp-block-buttons align-center\"><div id=\"wp-block-themeisle-blocks-button-9a660cfc\" class=\"wp-block-themeisle-blocks-button wp-block-button\"><a href=\"https:\/\/www.facebook.com\/people\/2U-Metal-Al%C3%BCminyum\/100086433525808\/\" target=\"_blank\" rel=\"noopener noreferrer\" class=\"wp-block-button__link\"><i class=\"fab fa-fw fa-facebook-f\"><\/i><\/a><\/div>\n\n<div id=\"wp-block-themeisle-blocks-button-8d0c418b\" class=\"wp-block-themeisle-blocks-button wp-block-button\"><a href=\"https:\/\/www.instagram.com\/2umetalaluminyum\/\" target=\"_blank\" rel=\"noopener noreferrer\" class=\"wp-block-button__link\"><i class=\"fab fa-fw fa-instagram\"><\/i><\/a><\/div><\/div><\/div><\/div><\/div>","protected":false},"excerpt":{"rendered":"<p>Al\u00fcminyum: Hafifli\u011fin ve Dayan\u0131kl\u0131l\u0131\u011f\u0131n Metalik Sembol\u00fc Al\u00fcminyum, modern end\u00fcstrinin vazge\u00e7ilmez metallerinden biri olarak kar\u015f\u0131m\u0131za \u00e7\u0131kar. Kimyasal sembol\u00fc &#8220;Al&#8221; olan bu metal, hafifli\u011fi, dayan\u0131kl\u0131l\u0131\u011f\u0131 ve oksitlenmez \u00f6zelli\u011fi sayesinde bir\u00e7ok alanda yayg\u0131n olarak kullan\u0131lmaktad\u0131r. Oksitlenmez ve Korozyona Diren\u00e7li: Al\u00fcminyum, havadaki oksijenle reaksiyona girerek bir al\u00fcminyum oksit tabakas\u0131 olu\u015fur. Bu tabakay\u0131, al\u00fcminyumun oksitlenmeye ve par\u00e7ac\u0131klar\u0131na kar\u015f\u0131 korur.Bu \u00f6zel,&hellip;&nbsp;<a href=\"https:\/\/www.2umetalaluminyum.net\/\" rel=\"bookmark\">Daha fazlas\u0131n\u0131 oku &raquo;<span class=\"screen-reader-text\">2U Metal Al\u00fcminyum<\/span><\/a><\/p>\n","protected":false},"author":1,"featured_media":0,"parent":0,"menu_order":0,"comment_status":"closed","ping_status":"closed","template":"page-templates\/template-pagebuilder-full-width.php","meta":{"neve_meta_sidebar":"default","neve_meta_container":"default","neve_meta_enable_content_width":"on","neve_meta_content_width":70,"neve_meta_title_alignment":"left","neve_meta_author_avatar":"","neve_post_elements_order":"","neve_meta_disable_header":"","neve_meta_disable_footer":"","neve_meta_disable_title":"","_themeisle_gutenberg_block_has_review":false,"_ti_tpc_template_sync":false,"_ti_tpc_template_id":"td9kxtrvh5ft79amh21s","footnotes":""},"class_list":["post-86","page","type-page","status-publish","hentry"],"_links":{"self":[{"href":"https:\/\/www.2umetalaluminyum.net\/index.php\/wp-json\/wp\/v2\/pages\/86","targetHints":{"allow":["GET"]}}],"collection":[{"href":"https:\/\/www.2umetalaluminyum.net\/index.php\/wp-json\/wp\/v2\/pages"}],"about":[{"href":"https:\/\/www.2umetalaluminyum.net\/index.php\/wp-json\/wp\/v2\/types\/page"}],"author":[{"embeddable":true,"href":"https:\/\/www.2umetalaluminyum.net\/index.php\/wp-json\/wp\/v2\/users\/1"}],"replies":[{"embeddable":true,"href":"https:\/\/www.2umetalaluminyum.net\/index.php\/wp-json\/wp\/v2\/comments?post=86"}],"version-history":[{"count":15,"href":"https:\/\/www.2umetalaluminyum.net\/index.php\/wp-json\/wp\/v2\/pages\/86\/revisions"}],"predecessor-version":[{"id":789,"href":"https:\/\/www.2umetalaluminyum.net\/index.php\/wp-json\/wp\/v2\/pages\/86\/revisions\/789"}],"wp:attachment":[{"href":"https:\/\/www.2umetalaluminyum.net\/index.php\/wp-json\/wp\/v2\/media?parent=86"}],"curies":[{"name":"wp","href":"https:\/\/api.w.org\/{rel}","templated":true}]}}